{"id":705,"date":"2025-06-16T11:27:58","date_gmt":"2025-06-16T10:27:58","guid":{"rendered":"https:\/\/incognitoescape.testmillennials.es\/?page_id=705"},"modified":"2025-07-23T22:44:57","modified_gmt":"2025-07-23T21:44:57","slug":"mentions-legales","status":"publish","type":"page","link":"https:\/\/incognitoescape.es\/fr\/mentions-legales\/","title":{"rendered":"Mentions L\u00e9gales"},"content":{"rendered":"<div class=\"wpb-content-wrapper\"><p>[vc_row][vc_column][vc_column_text css=\u00a0\u00bb\u00a0\u00bb woodmart_inline=\u00a0\u00bbno\u00a0\u00bb text_larger=\u00a0\u00bbno\u00a0\u00bb]<\/p>\n<h1>Mentions l\u00e9gales<\/h1>\n<h3>Qui est le Responsable du traitement de vos donn\u00e9es ?<\/h3>\n<p>Identit\u00e9 : INCOGNITO ESCAPE GAME SLU<\/p>\n<p>Adresse postale : C\/ Linneo 4 &#8211; MADRID (28005)<\/p>\n<p>CIF : B87532404<\/p>\n<p>E-mail : hola@incognitoescape.es<\/p>\n<p>&nbsp;<\/p>\n<h3>\u00c0 quelles fins traitons-nous vos donn\u00e9es personnelles ?<\/h3>\n<p>Chez INCOGNITO ESCAPE GAME SLU, nous traitons les informations fournies par les personnes int\u00e9ress\u00e9es dans le but de leur fournir les services ou informations demand\u00e9s, ainsi que pour leur proposer des informations adapt\u00e9es \u00e0 leurs int\u00e9r\u00eats et am\u00e9liorer leur exp\u00e9rience utilisateur.<br \/>\nNous pourrons \u00e9galement \u00e9tablir un \u00ab profil commercial \u00bb bas\u00e9 sur les donn\u00e9es fournies, sans prise de d\u00e9cision automatis\u00e9e fond\u00e9e sur ce profil.<\/p>\n<h3>Pendant combien de temps conservons-nous vos donn\u00e9es ?<\/h3>\n<p>Les donn\u00e9es personnelles fournies, ainsi que celles obtenues lors de la prestation de services, seront conserv\u00e9es pendant 5 ans \u00e0 compter de la derni\u00e8re manifestation d\u2019int\u00e9r\u00eat, tant que la relation commerciale demeure active.<\/p>\n<h3>Quelle est la l\u00e9gitimit\u00e9 du traitement de vos donn\u00e9es ?<\/h3>\n<p>La base l\u00e9gale du traitement de vos donn\u00e9es est l\u2019ex\u00e9cution de la demande d\u2019information ou la souscription aux services d\u2019INCOGNITO ESCAPE GAME SLU.<br \/>\nL\u2019envoi d\u2019offres commerciales est bas\u00e9 sur votre consentement, que vous pouvez retirer \u00e0 tout moment sans affecter l\u2019ex\u00e9cution du contrat.<\/p>\n<h3>\u00c0 quels destinataires vos donn\u00e9es seront-elles communiqu\u00e9es ?<\/h3>\n<p>Les donn\u00e9es pourront \u00eatre communiqu\u00e9es \u00e0 d&rsquo;autres soci\u00e9t\u00e9s du groupe INCOGNITO ESCAPE GAME SLU \u00e0 des fins administratives internes, ou si n\u00e9cessaire \u00e0 l&rsquo;ex\u00e9cution du contrat de prestation de services pour lequel les donn\u00e9es ont \u00e9t\u00e9 fournies.<\/p>\n<h3>Quels sont vos droits lorsque vous nous transmettez vos donn\u00e9es ?<\/h3>\n<p>Toute personne a le droit d\u2019obtenir la confirmation que INCOGNITO ESCAPE GAME SLU traite ou non des donn\u00e9es personnelles la concernant.<\/p>\n<p>Les personnes concern\u00e9es ont le droit d\u2019acc\u00e9der \u00e0 leurs donn\u00e9es personnelles, de demander la rectification de donn\u00e9es inexactes ou, le cas \u00e9ch\u00e9ant, de demander leur suppression lorsque, entre autres raisons, les donn\u00e9es ne sont plus n\u00e9cessaires aux fins pour lesquelles elles ont \u00e9t\u00e9 collect\u00e9es.<\/p>\n<p>Dans certaines circonstances, les personnes concern\u00e9es peuvent demander la limitation du traitement de leurs donn\u00e9es. Dans ce cas, nous ne les conserverons que pour l\u2019exercice ou la d\u00e9fense de r\u00e9clamations.<br \/>\nLes utilisateurs peuvent \u00e9galement s\u2019opposer au traitement de leurs donn\u00e9es. Dans ce cas, INCOGNITO ESCAPE GAME SLU cessera de les traiter, sauf pour des raisons l\u00e9gitimes imp\u00e9rieuses, ou dans le cadre de l\u2019exercice ou de la d\u00e9fense de droits en justice.[\/vc_column_text][\/vc_column][\/vc_row]<\/p>\n<\/div>","protected":false},"excerpt":{"rendered":"<p>[vc_row][vc_column][vc_column_text css=\u00a0\u00bb\u00a0\u00bb woodmart_inline=\u00a0\u00bbno\u00a0\u00bb text_larger=\u00a0\u00bbno\u00a0\u00bb] Mentions l\u00e9gales Qui est le Responsable du traitement de vos donn\u00e9es ? Identit\u00e9 : INCOGNITO ESCAPE<\/p>\n","protected":false},"author":1,"featured_media":0,"parent":0,"menu_order":35,"comment_status":"closed","ping_status":"closed","template":"","meta":{"footnotes":""},"class_list":["post-705","page","type-page","status-publish","hentry"],"yoast_head":"<!-- This site is optimized with the Yoast SEO plugin v27.4 - https:\/\/yoast.com\/product\/yoast-seo-wordpress\/ -->\n<title>Mentions L\u00e9gales - INCOGNITO Escape Room Madrid<\/title>\n<meta name=\"robots\" content=\"index, follow, max-snippet:-1, max-image-preview:large, max-video-preview:-1\" \/>\n<link rel=\"canonical\" href=\"https:\/\/incognitoescape.es\/fr\/mentions-legales\/\" \/>\n<meta property=\"og:locale\" content=\"fr_FR\" \/>\n<meta property=\"og:type\" content=\"article\" \/>\n<meta property=\"og:title\" content=\"Mentions L\u00e9gales - INCOGNITO Escape Room Madrid\" \/>\n<meta property=\"og:description\" content=\"[vc_row][vc_column][vc_column_text css=\u00a0\u00bb\u00a0\u00bb woodmart_inline=\u00a0\u00bbno\u00a0\u00bb text_larger=\u00a0\u00bbno\u00a0\u00bb] Mentions l\u00e9gales Qui est le Responsable du traitement de vos donn\u00e9es ? Identit\u00e9 : INCOGNITO ESCAPE\" \/>\n<meta property=\"og:url\" content=\"https:\/\/incognitoescape.es\/fr\/mentions-legales\/\" \/>\n<meta property=\"og:site_name\" content=\"INCOGNITO Escape Room Madrid\" \/>\n<meta property=\"article:modified_time\" content=\"2025-07-23T21:44:57+00:00\" \/>\n<meta name=\"twitter:card\" content=\"summary_large_image\" \/>\n<meta name=\"twitter:label1\" content=\"Dur\u00e9e de lecture estim\u00e9e\" \/>\n\t<meta name=\"twitter:data1\" content=\"2 minutes\" \/>\n<script type=\"application\/ld+json\" class=\"yoast-schema-graph\">{\"@context\":\"https:\\\/\\\/schema.org\",\"@graph\":[{\"@type\":\"WebPage\",\"@id\":\"https:\\\/\\\/incognitoescape.es\\\/fr\\\/mentions-legales\\\/\",\"url\":\"https:\\\/\\\/incognitoescape.es\\\/fr\\\/mentions-legales\\\/\",\"name\":\"Mentions L\u00e9gales - INCOGNITO Escape Room Madrid\",\"isPartOf\":{\"@id\":\"https:\\\/\\\/incognitoescape.es\\\/#website\"},\"datePublished\":\"2025-06-16T10:27:58+00:00\",\"dateModified\":\"2025-07-23T21:44:57+00:00\",\"breadcrumb\":{\"@id\":\"https:\\\/\\\/incognitoescape.es\\\/fr\\\/mentions-legales\\\/#breadcrumb\"},\"inLanguage\":\"fr-FR\",\"potentialAction\":[{\"@type\":\"ReadAction\",\"target\":[\"https:\\\/\\\/incognitoescape.es\\\/fr\\\/mentions-legales\\\/\"]}]},{\"@type\":\"BreadcrumbList\",\"@id\":\"https:\\\/\\\/incognitoescape.es\\\/fr\\\/mentions-legales\\\/#breadcrumb\",\"itemListElement\":[{\"@type\":\"ListItem\",\"position\":1,\"name\":\"Portada\",\"item\":\"https:\\\/\\\/incognitoescape.es\\\/fr\\\/\"},{\"@type\":\"ListItem\",\"position\":2,\"name\":\"Mentions L\u00e9gales\"}]},{\"@type\":\"WebSite\",\"@id\":\"https:\\\/\\\/incognitoescape.es\\\/#website\",\"url\":\"https:\\\/\\\/incognitoescape.es\\\/\",\"name\":\"Inc\u00f3gnito Escape\",\"description\":\"INCOGNITO Escape Rooms: Reserva las mejores salas de escape y experiencias de Realidad Virtual (VR) en Madrid.\",\"publisher\":{\"@id\":\"https:\\\/\\\/incognitoescape.es\\\/#organization\"},\"potentialAction\":[{\"@type\":\"SearchAction\",\"target\":{\"@type\":\"EntryPoint\",\"urlTemplate\":\"https:\\\/\\\/incognitoescape.es\\\/?s={search_term_string}\"},\"query-input\":{\"@type\":\"PropertyValueSpecification\",\"valueRequired\":true,\"valueName\":\"search_term_string\"}}],\"inLanguage\":\"fr-FR\"},{\"@type\":\"Organization\",\"@id\":\"https:\\\/\\\/incognitoescape.es\\\/#organization\",\"name\":\"Inc\u00f3gnito Escape\",\"url\":\"https:\\\/\\\/incognitoescape.es\\\/\",\"logo\":{\"@type\":\"ImageObject\",\"inLanguage\":\"fr-FR\",\"@id\":\"https:\\\/\\\/incognitoescape.es\\\/#\\\/schema\\\/logo\\\/image\\\/\",\"url\":\"https:\\\/\\\/incognitoescape.es\\\/wp-content\\\/uploads\\\/2025\\\/06\\\/preloader.svg\",\"contentUrl\":\"https:\\\/\\\/incognitoescape.es\\\/wp-content\\\/uploads\\\/2025\\\/06\\\/preloader.svg\",\"width\":100,\"height\":80,\"caption\":\"Inc\u00f3gnito Escape\"},\"image\":{\"@id\":\"https:\\\/\\\/incognitoescape.es\\\/#\\\/schema\\\/logo\\\/image\\\/\"}}]}<\/script>\n<!-- \/ Yoast SEO plugin. -->","yoast_head_json":{"title":"Mentions L\u00e9gales - INCOGNITO Escape Room Madrid","robots":{"index":"index","follow":"follow","max-snippet":"max-snippet:-1","max-image-preview":"max-image-preview:large","max-video-preview":"max-video-preview:-1"},"canonical":"https:\/\/incognitoescape.es\/fr\/mentions-legales\/","og_locale":"fr_FR","og_type":"article","og_title":"Mentions L\u00e9gales - INCOGNITO Escape Room Madrid","og_description":"[vc_row][vc_column][vc_column_text css=\u00a0\u00bb\u00a0\u00bb woodmart_inline=\u00a0\u00bbno\u00a0\u00bb text_larger=\u00a0\u00bbno\u00a0\u00bb] Mentions l\u00e9gales Qui est le Responsable du traitement de vos donn\u00e9es ? Identit\u00e9 : INCOGNITO ESCAPE","og_url":"https:\/\/incognitoescape.es\/fr\/mentions-legales\/","og_site_name":"INCOGNITO Escape Room Madrid","article_modified_time":"2025-07-23T21:44:57+00:00","twitter_card":"summary_large_image","twitter_misc":{"Dur\u00e9e de lecture estim\u00e9e":"2 minutes"},"schema":{"@context":"https:\/\/schema.org","@graph":[{"@type":"WebPage","@id":"https:\/\/incognitoescape.es\/fr\/mentions-legales\/","url":"https:\/\/incognitoescape.es\/fr\/mentions-legales\/","name":"Mentions L\u00e9gales - INCOGNITO Escape Room Madrid","isPartOf":{"@id":"https:\/\/incognitoescape.es\/#website"},"datePublished":"2025-06-16T10:27:58+00:00","dateModified":"2025-07-23T21:44:57+00:00","breadcrumb":{"@id":"https:\/\/incognitoescape.es\/fr\/mentions-legales\/#breadcrumb"},"inLanguage":"fr-FR","potentialAction":[{"@type":"ReadAction","target":["https:\/\/incognitoescape.es\/fr\/mentions-legales\/"]}]},{"@type":"BreadcrumbList","@id":"https:\/\/incognitoescape.es\/fr\/mentions-legales\/#breadcrumb","itemListElement":[{"@type":"ListItem","position":1,"name":"Portada","item":"https:\/\/incognitoescape.es\/fr\/"},{"@type":"ListItem","position":2,"name":"Mentions L\u00e9gales"}]},{"@type":"WebSite","@id":"https:\/\/incognitoescape.es\/#website","url":"https:\/\/incognitoescape.es\/","name":"Inc\u00f3gnito Escape","description":"INCOGNITO Escape Rooms: Reserva las mejores salas de escape y experiencias de Realidad Virtual (VR) en Madrid.","publisher":{"@id":"https:\/\/incognitoescape.es\/#organization"},"potentialAction":[{"@type":"SearchAction","target":{"@type":"EntryPoint","urlTemplate":"https:\/\/incognitoescape.es\/?s={search_term_string}"},"query-input":{"@type":"PropertyValueSpecification","valueRequired":true,"valueName":"search_term_string"}}],"inLanguage":"fr-FR"},{"@type":"Organization","@id":"https:\/\/incognitoescape.es\/#organization","name":"Inc\u00f3gnito Escape","url":"https:\/\/incognitoescape.es\/","logo":{"@type":"ImageObject","inLanguage":"fr-FR","@id":"https:\/\/incognitoescape.es\/#\/schema\/logo\/image\/","url":"https:\/\/incognitoescape.es\/wp-content\/uploads\/2025\/06\/preloader.svg","contentUrl":"https:\/\/incognitoescape.es\/wp-content\/uploads\/2025\/06\/preloader.svg","width":100,"height":80,"caption":"Inc\u00f3gnito Escape"},"image":{"@id":"https:\/\/incognitoescape.es\/#\/schema\/logo\/image\/"}}]}},"_links":{"self":[{"href":"https:\/\/incognitoescape.es\/fr\/wp-json\/wp\/v2\/pages\/705","targetHints":{"allow":["GET"]}}],"collection":[{"href":"https:\/\/incognitoescape.es\/fr\/wp-json\/wp\/v2\/pages"}],"about":[{"href":"https:\/\/incognitoescape.es\/fr\/wp-json\/wp\/v2\/types\/page"}],"author":[{"embeddable":true,"href":"https:\/\/incognitoescape.es\/fr\/wp-json\/wp\/v2\/users\/1"}],"replies":[{"embeddable":true,"href":"https:\/\/incognitoescape.es\/fr\/wp-json\/wp\/v2\/comments?post=705"}],"version-history":[{"count":6,"href":"https:\/\/incognitoescape.es\/fr\/wp-json\/wp\/v2\/pages\/705\/revisions"}],"predecessor-version":[{"id":1027,"href":"https:\/\/incognitoescape.es\/fr\/wp-json\/wp\/v2\/pages\/705\/revisions\/1027"}],"wp:attachment":[{"href":"https:\/\/incognitoescape.es\/fr\/wp-json\/wp\/v2\/media?parent=705"}],"curies":[{"name":"wp","href":"https:\/\/api.w.org\/{rel}","templated":true}]}}