{"id":837,"date":"2025-06-16T11:28:37","date_gmt":"2025-06-16T10:28:37","guid":{"rendered":"https:\/\/incognitoescape.es\/?page_id=837"},"modified":"2025-07-23T22:57:57","modified_gmt":"2025-07-23T21:57:57","slug":"politique-cookies","status":"publish","type":"page","link":"https:\/\/incognitoescape.es\/fr\/politique-cookies\/","title":{"rendered":"Politique de Cookies"},"content":{"rendered":"<div class=\"wpb-content-wrapper\"><p>[vc_row][vc_column][vc_column_text css=\u00a0\u00bb\u00a0\u00bb woodmart_inline=\u00a0\u00bbno\u00a0\u00bb text_larger=\u00a0\u00bbno\u00a0\u00bb]<\/p>\n<h1>Politique de cookies<\/h1>\n<p>Un cookie est un fichier qui se t\u00e9l\u00e9charge sur votre ordinateur lors de l\u2019acc\u00e8s \u00e0 certaines pages web. Les cookies permettent, entre autres, \u00e0 une page web de stocker et de r\u00e9cup\u00e9rer des informations sur les habitudes de navigation d\u2019un utilisateur ou de son \u00e9quipement et, selon les informations qu\u2019ils contiennent et la mani\u00e8re dont l\u2019\u00e9quipement est utilis\u00e9, ils peuvent servir \u00e0 reconna\u00eetre l\u2019utilisateur.<\/p>\n<p>Le navigateur de l\u2019utilisateur enregistre les cookies sur le disque dur uniquement pendant la session en cours, en occupant un espace m\u00e9moire minimal et sans nuire \u00e0 l\u2019ordinateur. Les cookies ne contiennent aucun type d\u2019information personnelle sp\u00e9cifique, et la plupart sont supprim\u00e9s du disque dur \u00e0 la fin de la session de navigation (cookies de session).<\/p>\n<p>La majorit\u00e9 des navigateurs acceptent les cookies par d\u00e9faut, et ind\u00e9pendamment de ceux-ci, permettent ou bloquent les cookies temporaires ou m\u00e9moris\u00e9s via les param\u00e8tres de s\u00e9curit\u00e9.<\/p>\n<p>Quels types de cookies existent ?<\/p>\n<ul>\n<li>Cookies techniques :<br \/>\nCe sont ceux qui permettent \u00e0 l\u2019utilisateur de naviguer sur un site web, une plateforme ou une application et d\u2019utiliser les diff\u00e9rentes options ou services qui y existent comme, par exemple, contr\u00f4ler le trafic et la communication de donn\u00e9es, identifier la session, acc\u00e9der \u00e0 des zones \u00e0 acc\u00e8s restreint, m\u00e9moriser les \u00e9l\u00e9ments d\u2019une commande, effectuer le processus d\u2019achat d\u2019une commande, s\u2019inscrire ou participer \u00e0 un \u00e9v\u00e9nement, utiliser des \u00e9l\u00e9ments de s\u00e9curit\u00e9 lors de la navigation, stocker des contenus pour la diffusion de vid\u00e9os ou de sons ou partager des contenus via les r\u00e9seaux sociaux.<\/li>\n<li>Cookies de personnalisation :<br \/>\nIls permettent \u00e0 l\u2019utilisateur d\u2019acc\u00e9der au service avec certaines caract\u00e9ristiques g\u00e9n\u00e9rales pr\u00e9d\u00e9finies selon des crit\u00e8res pr\u00e9sents sur le terminal de l\u2019utilisateur, comme la langue, le type de navigateur utilis\u00e9 pour acc\u00e9der au service, la configuration r\u00e9gionale, etc.<\/li>\n<li>Cookies d\u2019analyse :<br \/>\nIls permettent, qu\u2019ils soient trait\u00e9s par nous ou par des tiers, de quantifier le nombre d\u2019utilisateurs et de r\u00e9aliser ainsi la mesure et l\u2019analyse statistique de l\u2019utilisation faite par les utilisateurs des services propos\u00e9s. Pour cela, leur navigation sur notre site web est analys\u00e9e afin d\u2019am\u00e9liorer l\u2019offre de produits ou services.<\/li>\n<li>Cookies publicitaires :<br \/>\nIls permettent de g\u00e9rer de la mani\u00e8re la plus efficace possible les espaces publicitaires du site web, en adaptant le contenu de l\u2019annonce au contenu du service demand\u00e9 ou \u00e0 l\u2019utilisation faite de notre site web. Pour cela, nous pouvons analyser vos habitudes de navigation sur Internet et vous proposer de la publicit\u00e9 en lien avec votre profil de navigation.<\/li>\n<li>Cookies de publicit\u00e9 comportementale :<br \/>\nIls permettent la gestion, de la mani\u00e8re la plus efficace possible, des espaces publicitaires que l\u2019\u00e9diteur a pu inclure dans une page web, une application ou une plateforme \u00e0 partir de laquelle le service demand\u00e9 est fourni. Ces cookies stockent des informations sur le comportement des utilisateurs obtenues par l\u2019observation continue de leurs habitudes de navigation, ce qui permet de d\u00e9velopper un profil sp\u00e9cifique pour afficher de la publicit\u00e9 en fonction de celui-ci.<\/li>\n<li>Cookies de tiers :<br \/>\nLe site peut utiliser des services de tiers qui, pour le compte de l\u2019entit\u00e9, collecteront des informations \u00e0 des fins statistiques, d\u2019usage du site par l\u2019utilisateur, et pour la prestation d\u2019autres services li\u00e9s \u00e0 l\u2019activit\u00e9 du site web et \u00e0 d\u2019autres services Internet.<\/li>\n<\/ul>\n<p>En utilisant ce site, l\u2019utilisateur accepte express\u00e9ment le traitement des informations collect\u00e9es de la mani\u00e8re et aux fins mentionn\u00e9es ci-dessus.<br \/>\nIl reconna\u00eet \u00e9galement conna\u00eetre la possibilit\u00e9 de refuser ce traitement en refusant l\u2019utilisation des cookies via la configuration appropri\u00e9e de son navigateur. Cependant, bloquer les cookies peut emp\u00eacher le bon fonctionnement de certaines fonctionnalit\u00e9s du site.<\/p>\n<p>Vous pouvez autoriser, bloquer ou supprimer les cookies install\u00e9s sur votre appareil en configurant les options du navigateur install\u00e9 sur votre ordinateur :<\/p>\n<p>Chrome<\/p>\n<p>Explorer<\/p>\n<p>Firefox<\/p>\n<p>Safari<\/p>\n<p>Pour plus d\u2019informations ou si vous avez des questions concernant cette politique de cookies, vous pouvez nous contacter \u00e0 l\u2019adresse e-mail suivante : hola@incognitoescape.es[\/vc_column_text][\/vc_column][\/vc_row]<\/p>\n<\/div>","protected":false},"excerpt":{"rendered":"<p>[vc_row][vc_column][vc_column_text css=\u00a0\u00bb\u00a0\u00bb woodmart_inline=\u00a0\u00bbno\u00a0\u00bb text_larger=\u00a0\u00bbno\u00a0\u00bb] Politique de cookies Un cookie est un fichier qui se t\u00e9l\u00e9charge sur votre ordinateur lors de<\/p>\n","protected":false},"author":3,"featured_media":0,"parent":0,"menu_order":21,"comment_status":"closed","ping_status":"closed","template":"","meta":{"footnotes":""},"class_list":["post-837","page","type-page","status-publish","hentry"],"yoast_head":"<!-- This site is optimized with the Yoast SEO plugin v27.4 - https:\/\/yoast.com\/product\/yoast-seo-wordpress\/ -->\n<title>Politique de Cookies - INCOGNITO Escape Room Madrid<\/title>\n<meta name=\"robots\" content=\"index, follow, max-snippet:-1, max-image-preview:large, max-video-preview:-1\" \/>\n<link rel=\"canonical\" href=\"https:\/\/incognitoescape.es\/fr\/politique-cookies\/\" \/>\n<meta property=\"og:locale\" content=\"fr_FR\" \/>\n<meta property=\"og:type\" content=\"article\" \/>\n<meta property=\"og:title\" content=\"Politique de Cookies - INCOGNITO Escape Room Madrid\" \/>\n<meta property=\"og:description\" content=\"[vc_row][vc_column][vc_column_text css=\u00a0\u00bb\u00a0\u00bb woodmart_inline=\u00a0\u00bbno\u00a0\u00bb text_larger=\u00a0\u00bbno\u00a0\u00bb] Politique de cookies Un cookie est un fichier qui se t\u00e9l\u00e9charge sur votre ordinateur lors de\" \/>\n<meta property=\"og:url\" content=\"https:\/\/incognitoescape.es\/fr\/politique-cookies\/\" \/>\n<meta property=\"og:site_name\" content=\"INCOGNITO Escape Room Madrid\" \/>\n<meta property=\"article:modified_time\" content=\"2025-07-23T21:57:57+00:00\" \/>\n<meta name=\"twitter:card\" content=\"summary_large_image\" \/>\n<meta name=\"twitter:label1\" content=\"Dur\u00e9e de lecture estim\u00e9e\" \/>\n\t<meta name=\"twitter:data1\" content=\"3 minutes\" \/>\n<script type=\"application\/ld+json\" class=\"yoast-schema-graph\">{\"@context\":\"https:\\\/\\\/schema.org\",\"@graph\":[{\"@type\":\"WebPage\",\"@id\":\"https:\\\/\\\/incognitoescape.es\\\/fr\\\/politique-cookies\\\/\",\"url\":\"https:\\\/\\\/incognitoescape.es\\\/fr\\\/politique-cookies\\\/\",\"name\":\"Politique de Cookies - INCOGNITO Escape Room Madrid\",\"isPartOf\":{\"@id\":\"https:\\\/\\\/incognitoescape.es\\\/#website\"},\"datePublished\":\"2025-06-16T10:28:37+00:00\",\"dateModified\":\"2025-07-23T21:57:57+00:00\",\"breadcrumb\":{\"@id\":\"https:\\\/\\\/incognitoescape.es\\\/fr\\\/politique-cookies\\\/#breadcrumb\"},\"inLanguage\":\"fr-FR\",\"potentialAction\":[{\"@type\":\"ReadAction\",\"target\":[\"https:\\\/\\\/incognitoescape.es\\\/fr\\\/politique-cookies\\\/\"]}]},{\"@type\":\"BreadcrumbList\",\"@id\":\"https:\\\/\\\/incognitoescape.es\\\/fr\\\/politique-cookies\\\/#breadcrumb\",\"itemListElement\":[{\"@type\":\"ListItem\",\"position\":1,\"name\":\"Portada\",\"item\":\"https:\\\/\\\/incognitoescape.es\\\/fr\\\/\"},{\"@type\":\"ListItem\",\"position\":2,\"name\":\"Politique de Cookies\"}]},{\"@type\":\"WebSite\",\"@id\":\"https:\\\/\\\/incognitoescape.es\\\/#website\",\"url\":\"https:\\\/\\\/incognitoescape.es\\\/\",\"name\":\"Inc\u00f3gnito Escape\",\"description\":\"INCOGNITO Escape Rooms: Reserva las mejores salas de escape y experiencias de Realidad Virtual (VR) en Madrid.\",\"publisher\":{\"@id\":\"https:\\\/\\\/incognitoescape.es\\\/#organization\"},\"potentialAction\":[{\"@type\":\"SearchAction\",\"target\":{\"@type\":\"EntryPoint\",\"urlTemplate\":\"https:\\\/\\\/incognitoescape.es\\\/?s={search_term_string}\"},\"query-input\":{\"@type\":\"PropertyValueSpecification\",\"valueRequired\":true,\"valueName\":\"search_term_string\"}}],\"inLanguage\":\"fr-FR\"},{\"@type\":\"Organization\",\"@id\":\"https:\\\/\\\/incognitoescape.es\\\/#organization\",\"name\":\"Inc\u00f3gnito Escape\",\"url\":\"https:\\\/\\\/incognitoescape.es\\\/\",\"logo\":{\"@type\":\"ImageObject\",\"inLanguage\":\"fr-FR\",\"@id\":\"https:\\\/\\\/incognitoescape.es\\\/#\\\/schema\\\/logo\\\/image\\\/\",\"url\":\"https:\\\/\\\/incognitoescape.es\\\/wp-content\\\/uploads\\\/2025\\\/06\\\/preloader.svg\",\"contentUrl\":\"https:\\\/\\\/incognitoescape.es\\\/wp-content\\\/uploads\\\/2025\\\/06\\\/preloader.svg\",\"width\":100,\"height\":80,\"caption\":\"Inc\u00f3gnito Escape\"},\"image\":{\"@id\":\"https:\\\/\\\/incognitoescape.es\\\/#\\\/schema\\\/logo\\\/image\\\/\"}}]}<\/script>\n<!-- \/ Yoast SEO plugin. -->","yoast_head_json":{"title":"Politique de Cookies - INCOGNITO Escape Room Madrid","robots":{"index":"index","follow":"follow","max-snippet":"max-snippet:-1","max-image-preview":"max-image-preview:large","max-video-preview":"max-video-preview:-1"},"canonical":"https:\/\/incognitoescape.es\/fr\/politique-cookies\/","og_locale":"fr_FR","og_type":"article","og_title":"Politique de Cookies - INCOGNITO Escape Room Madrid","og_description":"[vc_row][vc_column][vc_column_text css=\u00a0\u00bb\u00a0\u00bb woodmart_inline=\u00a0\u00bbno\u00a0\u00bb text_larger=\u00a0\u00bbno\u00a0\u00bb] Politique de cookies Un cookie est un fichier qui se t\u00e9l\u00e9charge sur votre ordinateur lors de","og_url":"https:\/\/incognitoescape.es\/fr\/politique-cookies\/","og_site_name":"INCOGNITO Escape Room Madrid","article_modified_time":"2025-07-23T21:57:57+00:00","twitter_card":"summary_large_image","twitter_misc":{"Dur\u00e9e de lecture estim\u00e9e":"3 minutes"},"schema":{"@context":"https:\/\/schema.org","@graph":[{"@type":"WebPage","@id":"https:\/\/incognitoescape.es\/fr\/politique-cookies\/","url":"https:\/\/incognitoescape.es\/fr\/politique-cookies\/","name":"Politique de Cookies - INCOGNITO Escape Room Madrid","isPartOf":{"@id":"https:\/\/incognitoescape.es\/#website"},"datePublished":"2025-06-16T10:28:37+00:00","dateModified":"2025-07-23T21:57:57+00:00","breadcrumb":{"@id":"https:\/\/incognitoescape.es\/fr\/politique-cookies\/#breadcrumb"},"inLanguage":"fr-FR","potentialAction":[{"@type":"ReadAction","target":["https:\/\/incognitoescape.es\/fr\/politique-cookies\/"]}]},{"@type":"BreadcrumbList","@id":"https:\/\/incognitoescape.es\/fr\/politique-cookies\/#breadcrumb","itemListElement":[{"@type":"ListItem","position":1,"name":"Portada","item":"https:\/\/incognitoescape.es\/fr\/"},{"@type":"ListItem","position":2,"name":"Politique de Cookies"}]},{"@type":"WebSite","@id":"https:\/\/incognitoescape.es\/#website","url":"https:\/\/incognitoescape.es\/","name":"Inc\u00f3gnito Escape","description":"INCOGNITO Escape Rooms: Reserva las mejores salas de escape y experiencias de Realidad Virtual (VR) en Madrid.","publisher":{"@id":"https:\/\/incognitoescape.es\/#organization"},"potentialAction":[{"@type":"SearchAction","target":{"@type":"EntryPoint","urlTemplate":"https:\/\/incognitoescape.es\/?s={search_term_string}"},"query-input":{"@type":"PropertyValueSpecification","valueRequired":true,"valueName":"search_term_string"}}],"inLanguage":"fr-FR"},{"@type":"Organization","@id":"https:\/\/incognitoescape.es\/#organization","name":"Inc\u00f3gnito Escape","url":"https:\/\/incognitoescape.es\/","logo":{"@type":"ImageObject","inLanguage":"fr-FR","@id":"https:\/\/incognitoescape.es\/#\/schema\/logo\/image\/","url":"https:\/\/incognitoescape.es\/wp-content\/uploads\/2025\/06\/preloader.svg","contentUrl":"https:\/\/incognitoescape.es\/wp-content\/uploads\/2025\/06\/preloader.svg","width":100,"height":80,"caption":"Inc\u00f3gnito Escape"},"image":{"@id":"https:\/\/incognitoescape.es\/#\/schema\/logo\/image\/"}}]}},"_links":{"self":[{"href":"https:\/\/incognitoescape.es\/fr\/wp-json\/wp\/v2\/pages\/837","targetHints":{"allow":["GET"]}}],"collection":[{"href":"https:\/\/incognitoescape.es\/fr\/wp-json\/wp\/v2\/pages"}],"about":[{"href":"https:\/\/incognitoescape.es\/fr\/wp-json\/wp\/v2\/types\/page"}],"author":[{"embeddable":true,"href":"https:\/\/incognitoescape.es\/fr\/wp-json\/wp\/v2\/users\/3"}],"replies":[{"embeddable":true,"href":"https:\/\/incognitoescape.es\/fr\/wp-json\/wp\/v2\/comments?post=837"}],"version-history":[{"count":5,"href":"https:\/\/incognitoescape.es\/fr\/wp-json\/wp\/v2\/pages\/837\/revisions"}],"predecessor-version":[{"id":1033,"href":"https:\/\/incognitoescape.es\/fr\/wp-json\/wp\/v2\/pages\/837\/revisions\/1033"}],"wp:attachment":[{"href":"https:\/\/incognitoescape.es\/fr\/wp-json\/wp\/v2\/media?parent=837"}],"curies":[{"name":"wp","href":"https:\/\/api.w.org\/{rel}","templated":true}]}}