{"id":841,"date":"2025-06-16T11:29:14","date_gmt":"2025-06-16T11:29:14","guid":{"rendered":"https:\/\/incognitoescape.es\/?page_id=841"},"modified":"2025-07-23T07:14:38","modified_gmt":"2025-07-23T07:14:38","slug":"politique-de-confidentialite","status":"publish","type":"page","link":"https:\/\/incognitoescape.es\/fr\/politique-de-confidentialite\/","title":{"rendered":"Politique de Confidentialit\u00e9"},"content":{"rendered":"<div class=\"wpb-content-wrapper\"><p>[vc_row][vc_column][vc_column_text css=\u00a0\u00bb\u00a0\u00bb woodmart_inline=\u00a0\u00bbno\u00a0\u00bb text_larger=\u00a0\u00bbno\u00a0\u00bb]<\/p>\n<h1>Politique de confidentialit\u00e9<\/h1>\n<p>Lorsque nous aurons besoin d\u2019obtenir des informations vous concernant, nous vous demanderons toujours de nous les fournir volontairement et de mani\u00e8re expresse.<br \/>\nLes donn\u00e9es collect\u00e9es par le biais des formulaires du site web ou par d\u2019autres moyens seront int\u00e9gr\u00e9es aux syst\u00e8mes de traitement de INCOGNITO ESCAPE GAME SLU.<br \/>\nCette entit\u00e9 traitera les donn\u00e9es de mani\u00e8re confidentielle et exclusivement dans le but de fournir les services demand\u00e9s, avec toutes les garanties l\u00e9gales et de s\u00e9curit\u00e9 exig\u00e9es par le R\u00e8glement (UE) 2016\/679 du Parlement europ\u00e9en et du Conseil, du 27 avril 2016, relatif \u00e0 la protection des personnes physiques \u00e0 l\u2019\u00e9gard du traitement des donn\u00e9es \u00e0 caract\u00e8re personnel et \u00e0 la libre circulation de ces donn\u00e9es, ainsi que par la Loi 34\/2002, du 11 juillet, relative aux services de la soci\u00e9t\u00e9 de l\u2019information et au commerce \u00e9lectronique.<\/p>\n<p>LE PROPRI\u00c9TAIRE DU SITE s\u2019engage \u00e0 ne pas c\u00e9der, vendre ni partager les donn\u00e9es avec des tiers sans votre consentement expr\u00e8s.<\/p>\n<p>De m\u00eame, INCOGNITO ESCAPE GAME SLU annulera ou rectifiera les donn\u00e9es lorsqu\u2019elles s\u2019av\u00e9reront inexactes, incompl\u00e8tes ou qu\u2019elles auront cess\u00e9 d\u2019\u00eatre n\u00e9cessaires ou pertinentes aux fins pour lesquelles elles ont \u00e9t\u00e9 collect\u00e9es, conform\u00e9ment \u00e0 la l\u00e9gislation en vigueur en mati\u00e8re de protection des donn\u00e9es \u00e0 caract\u00e8re personnel.<\/p>\n<p>L\u2019utilisateur pourra r\u00e9voquer son consentement et exercer ses droits d\u2019acc\u00e8s, de suppression, de portabilit\u00e9, de rectification, de limitation et d\u2019opposition en adressant une demande \u00e0 l\u2019adresse suivante :<br \/>\nINCOGNITO ESCAPE GAME SLU \u2013 C\/ Linneo 4, 28005, Madrid, Espagne,<br \/>\nen s\u2019identifiant correctement et en pr\u00e9cisant clairement le droit qu\u2019il souhaite exercer.<\/p>\n<p>LE PROPRI\u00c9TAIRE DU SITE applique les niveaux de s\u00e9curit\u00e9 requis par la r\u00e9glementation susmentionn\u00e9e en mati\u00e8re de protection des donn\u00e9es \u00e0 caract\u00e8re personnel et par toute autre r\u00e9glementation applicable.<\/p>\n<p>Cependant, il n\u2019assume aucune responsabilit\u00e9 quant aux dommages pouvant r\u00e9sulter d\u2019alt\u00e9rations caus\u00e9es par des tiers dans les syst\u00e8mes informatiques, documents \u00e9lectroniques ou fichiers de l\u2019utilisateur.<\/p>\n<p>LE PROPRI\u00c9TAIRE DU SITE peut utiliser des cookies lors de la fourniture des services du site web. Les cookies sont des fichiers physiques contenant des informations personnelles, stock\u00e9s sur le propre terminal de l\u2019utilisateur. L\u2019utilisateur a la possibilit\u00e9 de configurer son navigateur pour emp\u00eacher la cr\u00e9ation de cookies ou \u00eatre averti de leur existence.<\/p>\n<p>Si vous choisissez de quitter notre site web via des liens vers des sites externes, LE PROPRI\u00c9TAIRE DU SITE ne saurait \u00eatre tenu responsable des politiques de confidentialit\u00e9 de ces sites ni des cookies qu\u2019ils peuvent stocker sur votre appareil.<\/p>\n<p>Notre politique en mati\u00e8re de courrier \u00e9lectronique consiste \u00e0 n\u2019envoyer que les communications que vous avez express\u00e9ment demand\u00e9es.<\/p>\n<p>Si vous ne souhaitez plus recevoir nos messages, vous pourrez \u00e0 tout moment exercer votre droit de d\u00e9sinscription en suivant les instructions incluses dans chacun des e-mails, conform\u00e9ment au Titre III, article 22 de la Loi 34\/2002 relative aux services de la soci\u00e9t\u00e9 de l\u2019information et au commerce \u00e9lectronique.[\/vc_column_text][\/vc_column][\/vc_row]<\/p>\n<\/div>","protected":false},"excerpt":{"rendered":"<p>[vc_row][vc_column][vc_column_text css=\u00a0\u00bb\u00a0\u00bb woodmart_inline=\u00a0\u00bbno\u00a0\u00bb text_larger=\u00a0\u00bbno\u00a0\u00bb] Politique de confidentialit\u00e9 Lorsque nous aurons besoin d\u2019obtenir des informations vous concernant, nous vous demanderons toujours<\/p>\n","protected":false},"author":3,"featured_media":0,"parent":0,"menu_order":22,"comment_status":"closed","ping_status":"closed","template":"","meta":{"footnotes":""},"class_list":["post-841","page","type-page","status-publish","hentry"],"yoast_head":"<!-- This site is optimized with the Yoast SEO plugin v26.9 - https:\/\/yoast.com\/product\/yoast-seo-wordpress\/ -->\n<title>Politique de Confidentialit\u00e9 - INCOGNITO Escape Room Madrid<\/title>\n<meta name=\"robots\" content=\"index, follow, max-snippet:-1, max-image-preview:large, max-video-preview:-1\" \/>\n<link rel=\"canonical\" href=\"https:\/\/incognitoescape.es\/fr\/politique-de-confidentialite\/\" \/>\n<meta property=\"og:locale\" content=\"fr_FR\" \/>\n<meta property=\"og:type\" content=\"article\" \/>\n<meta property=\"og:title\" content=\"Politique de Confidentialit\u00e9 - INCOGNITO Escape Room Madrid\" \/>\n<meta property=\"og:description\" content=\"[vc_row][vc_column][vc_column_text css=\u00a0\u00bb\u00a0\u00bb woodmart_inline=\u00a0\u00bbno\u00a0\u00bb text_larger=\u00a0\u00bbno\u00a0\u00bb] Politique de confidentialit\u00e9 Lorsque nous aurons besoin d\u2019obtenir des informations vous concernant, nous vous demanderons toujours\" \/>\n<meta property=\"og:url\" content=\"https:\/\/incognitoescape.es\/fr\/politique-de-confidentialite\/\" \/>\n<meta property=\"og:site_name\" content=\"INCOGNITO Escape Room Madrid\" \/>\n<meta property=\"article:modified_time\" content=\"2025-07-23T07:14:38+00:00\" \/>\n<meta name=\"twitter:card\" content=\"summary_large_image\" \/>\n<meta name=\"twitter:label1\" content=\"Dur\u00e9e de lecture estim\u00e9e\" \/>\n\t<meta name=\"twitter:data1\" content=\"3 minutes\" \/>\n<script type=\"application\/ld+json\" class=\"yoast-schema-graph\">{\"@context\":\"https:\/\/schema.org\",\"@graph\":[{\"@type\":\"WebPage\",\"@id\":\"https:\/\/incognitoescape.es\/fr\/politique-de-confidentialite\/\",\"url\":\"https:\/\/incognitoescape.es\/fr\/politique-de-confidentialite\/\",\"name\":\"Politique de Confidentialit\u00e9 - INCOGNITO Escape Room Madrid\",\"isPartOf\":{\"@id\":\"https:\/\/incognitoescape.es\/#website\"},\"datePublished\":\"2025-06-16T11:29:14+00:00\",\"dateModified\":\"2025-07-23T07:14:38+00:00\",\"breadcrumb\":{\"@id\":\"https:\/\/incognitoescape.es\/fr\/politique-de-confidentialite\/#breadcrumb\"},\"inLanguage\":\"fr-FR\",\"potentialAction\":[{\"@type\":\"ReadAction\",\"target\":[\"https:\/\/incognitoescape.es\/fr\/politique-de-confidentialite\/\"]}]},{\"@type\":\"BreadcrumbList\",\"@id\":\"https:\/\/incognitoescape.es\/fr\/politique-de-confidentialite\/#breadcrumb\",\"itemListElement\":[{\"@type\":\"ListItem\",\"position\":1,\"name\":\"Portada\",\"item\":\"https:\/\/incognitoescape.es\/fr\/\"},{\"@type\":\"ListItem\",\"position\":2,\"name\":\"Politique de Confidentialit\u00e9\"}]},{\"@type\":\"WebSite\",\"@id\":\"https:\/\/incognitoescape.es\/#website\",\"url\":\"https:\/\/incognitoescape.es\/\",\"name\":\"Inc\u00f3gnito Escape\",\"description\":\"INCOGNITO Escape Rooms: Reserva las mejores salas de escape y experiencias de Realidad Virtual (VR) en Madrid.\",\"publisher\":{\"@id\":\"https:\/\/incognitoescape.es\/#organization\"},\"potentialAction\":[{\"@type\":\"SearchAction\",\"target\":{\"@type\":\"EntryPoint\",\"urlTemplate\":\"https:\/\/incognitoescape.es\/?s={search_term_string}\"},\"query-input\":{\"@type\":\"PropertyValueSpecification\",\"valueRequired\":true,\"valueName\":\"search_term_string\"}}],\"inLanguage\":\"fr-FR\"},{\"@type\":\"Organization\",\"@id\":\"https:\/\/incognitoescape.es\/#organization\",\"name\":\"Inc\u00f3gnito Escape\",\"url\":\"https:\/\/incognitoescape.es\/\",\"logo\":{\"@type\":\"ImageObject\",\"inLanguage\":\"fr-FR\",\"@id\":\"https:\/\/incognitoescape.es\/#\/schema\/logo\/image\/\",\"url\":\"https:\/\/incognitoescape.es\/wp-content\/uploads\/2025\/06\/preloader.svg\",\"contentUrl\":\"https:\/\/incognitoescape.es\/wp-content\/uploads\/2025\/06\/preloader.svg\",\"width\":100,\"height\":80,\"caption\":\"Inc\u00f3gnito Escape\"},\"image\":{\"@id\":\"https:\/\/incognitoescape.es\/#\/schema\/logo\/image\/\"}}]}<\/script>\n<!-- \/ Yoast SEO plugin. -->","yoast_head_json":{"title":"Politique de Confidentialit\u00e9 - INCOGNITO Escape Room Madrid","robots":{"index":"index","follow":"follow","max-snippet":"max-snippet:-1","max-image-preview":"max-image-preview:large","max-video-preview":"max-video-preview:-1"},"canonical":"https:\/\/incognitoescape.es\/fr\/politique-de-confidentialite\/","og_locale":"fr_FR","og_type":"article","og_title":"Politique de Confidentialit\u00e9 - INCOGNITO Escape Room Madrid","og_description":"[vc_row][vc_column][vc_column_text css=\u00a0\u00bb\u00a0\u00bb woodmart_inline=\u00a0\u00bbno\u00a0\u00bb text_larger=\u00a0\u00bbno\u00a0\u00bb] Politique de confidentialit\u00e9 Lorsque nous aurons besoin d\u2019obtenir des informations vous concernant, nous vous demanderons toujours","og_url":"https:\/\/incognitoescape.es\/fr\/politique-de-confidentialite\/","og_site_name":"INCOGNITO Escape Room Madrid","article_modified_time":"2025-07-23T07:14:38+00:00","twitter_card":"summary_large_image","twitter_misc":{"Dur\u00e9e de lecture estim\u00e9e":"3 minutes"},"schema":{"@context":"https:\/\/schema.org","@graph":[{"@type":"WebPage","@id":"https:\/\/incognitoescape.es\/fr\/politique-de-confidentialite\/","url":"https:\/\/incognitoescape.es\/fr\/politique-de-confidentialite\/","name":"Politique de Confidentialit\u00e9 - INCOGNITO Escape Room Madrid","isPartOf":{"@id":"https:\/\/incognitoescape.es\/#website"},"datePublished":"2025-06-16T11:29:14+00:00","dateModified":"2025-07-23T07:14:38+00:00","breadcrumb":{"@id":"https:\/\/incognitoescape.es\/fr\/politique-de-confidentialite\/#breadcrumb"},"inLanguage":"fr-FR","potentialAction":[{"@type":"ReadAction","target":["https:\/\/incognitoescape.es\/fr\/politique-de-confidentialite\/"]}]},{"@type":"BreadcrumbList","@id":"https:\/\/incognitoescape.es\/fr\/politique-de-confidentialite\/#breadcrumb","itemListElement":[{"@type":"ListItem","position":1,"name":"Portada","item":"https:\/\/incognitoescape.es\/fr\/"},{"@type":"ListItem","position":2,"name":"Politique de Confidentialit\u00e9"}]},{"@type":"WebSite","@id":"https:\/\/incognitoescape.es\/#website","url":"https:\/\/incognitoescape.es\/","name":"Inc\u00f3gnito Escape","description":"INCOGNITO Escape Rooms: Reserva las mejores salas de escape y experiencias de Realidad Virtual (VR) en Madrid.","publisher":{"@id":"https:\/\/incognitoescape.es\/#organization"},"potentialAction":[{"@type":"SearchAction","target":{"@type":"EntryPoint","urlTemplate":"https:\/\/incognitoescape.es\/?s={search_term_string}"},"query-input":{"@type":"PropertyValueSpecification","valueRequired":true,"valueName":"search_term_string"}}],"inLanguage":"fr-FR"},{"@type":"Organization","@id":"https:\/\/incognitoescape.es\/#organization","name":"Inc\u00f3gnito Escape","url":"https:\/\/incognitoescape.es\/","logo":{"@type":"ImageObject","inLanguage":"fr-FR","@id":"https:\/\/incognitoescape.es\/#\/schema\/logo\/image\/","url":"https:\/\/incognitoescape.es\/wp-content\/uploads\/2025\/06\/preloader.svg","contentUrl":"https:\/\/incognitoescape.es\/wp-content\/uploads\/2025\/06\/preloader.svg","width":100,"height":80,"caption":"Inc\u00f3gnito Escape"},"image":{"@id":"https:\/\/incognitoescape.es\/#\/schema\/logo\/image\/"}}]}},"_links":{"self":[{"href":"https:\/\/incognitoescape.es\/fr\/wp-json\/wp\/v2\/pages\/841","targetHints":{"allow":["GET"]}}],"collection":[{"href":"https:\/\/incognitoescape.es\/fr\/wp-json\/wp\/v2\/pages"}],"about":[{"href":"https:\/\/incognitoescape.es\/fr\/wp-json\/wp\/v2\/types\/page"}],"author":[{"embeddable":true,"href":"https:\/\/incognitoescape.es\/fr\/wp-json\/wp\/v2\/users\/3"}],"replies":[{"embeddable":true,"href":"https:\/\/incognitoescape.es\/fr\/wp-json\/wp\/v2\/comments?post=841"}],"version-history":[{"count":3,"href":"https:\/\/incognitoescape.es\/fr\/wp-json\/wp\/v2\/pages\/841\/revisions"}],"predecessor-version":[{"id":932,"href":"https:\/\/incognitoescape.es\/fr\/wp-json\/wp\/v2\/pages\/841\/revisions\/932"}],"wp:attachment":[{"href":"https:\/\/incognitoescape.es\/fr\/wp-json\/wp\/v2\/media?parent=841"}],"curies":[{"name":"wp","href":"https:\/\/api.w.org\/{rel}","templated":true}]}}